{"id":152,"date":"2021-08-21T18:37:51","date_gmt":"2021-08-21T18:37:51","guid":{"rendered":"https:\/\/ecuriesdcstables.com\/?page_id=152"},"modified":"2026-02-17T21:05:11","modified_gmt":"2026-02-17T21:05:11","slug":"facilities","status":"publish","type":"page","link":"https:\/\/ecuriesdcstables.com\/fr\/facilities\/","title":{"rendered":"Installations"},"content":{"rendered":"<div\n      class=\"kv-control-placeholder kv-_page\"\n      data-kv-control=\"1\">\n    <\/div> <section class=\"background-id_0adjacent section-1629059129290 zoduye36 vefova18 undefined undefined\" style=\" position:relative;\">\n  <a name=\"section1629059129290\"><\/a>\n    <div\n    class=\"kv-control-placeholder kv-_section\"\n    data-kv-control=\"background\">\n  <\/div> <div class='kv-background' style=\" background-color: rgb(249,249,249);\">\n        \n        <div class='kv-background-inner'  style=\"                                        background-color: rgb(249,249,249);          \"><\/div>\n          \n<\/div>\n\n  <div class=\"position-relative kv-content\">\n    <div\n    class=\"kv-control-placeholder kv-_section\"\n    data-kv-control=\"content\">\n  <\/div> <div class=\"kv-ee-section kv-ee-section--lg kv-ee-align-left\"><div class=\"kv-ee-container kv-ee-titles\"><div class=\"kv-ee-row\"><div class=\"kv-ee-section-text kv-ee-col-12\"> <h2 class=\"kv-ee-section-title kv-ee-caption-title kv-ee-section-title--md\" data-type=\"text\" tabindex=\"0\">Installations<span data-prop=\"title\" class=\"ck-editable-element\" data-editable=\"basic\" style=\"display:none;\"><\/span><\/h2>   <\/div><\/div><\/div><div class=\"kv-ee-container kv-ee-items\"><div class=\"kv-ee-row kv-ee-position\"><div class=\"kv-ee-col-12 kv-ee-square\"> <div\n    class=\"kv-control-placeholder kv-_content\"\n    data-kv-control=\"list\">\n  <\/div><div class=\"kv-ee-list-control\">\n    <div class=\"kv-ee-row\" data-type=\"list\">\n        <div\n    class=\"kv-control-placeholder kv-_list\"\n    data-kv-control=\"0\">\n  <\/div> <div class=\"kv-ee-col-12 kv-ee-content kv-ee-left kv-ee-drop-shadow\"><div class=\"kv-ee-row\"><div class=\"kv-ee-col-sm-4 kv-ee-image-col\"> <div\n      data-type=\"image\" data-property=\"image\"\n       class=\"kv-ee-item-img kv-ee-gallery kv-ee-content-image\" role=\"img\" data-src=\"https:\/\/images.builderservices.io\/s\/cdn\/v1.0\/i\/m?url=https%3A%2F%2Fstorage.googleapis.com%2Fproduction-bluehost-v1-0-8%2F028%2F1012028%2F3BczUvLk%2F668461e7d69147e7be59186598981a4b&#038;methods=resize%2C60%2C5000\" data-src-normal=\"https:\/\/images.builderservices.io\/s\/cdn\/v1.0\/i\/m?url=https%3A%2F%2Fstorage.googleapis.com%2Fproduction-bluehost-v1-0-8%2F028%2F1012028%2F3BczUvLk%2F668461e7d69147e7be59186598981a4b&#038;methods=resize%2C600%2C5000\" data-src-retina=\"https:\/\/images.builderservices.io\/s\/cdn\/v1.0\/i\/m?url=https%3A%2F%2Fstorage.googleapis.com%2Fproduction-bluehost-v1-0-8%2F028%2F1012028%2F3BczUvLk%2F668461e7d69147e7be59186598981a4b&#038;methods=resize%2C900%2C5000\"\n      style=\"background-position: center center;background-repeat: no-repeat;\"\n      data-setting=\"border\"\n    ><\/div> <\/div><div class=\"kv-ee-col-sm-8 kv-ee-valign-center\"><div class=\"kv-ee-content-text\"> <hr class=\"kv-ee-line\"> <h3 class=\"kv-ee-title--sm\" data-type=\"text\" tabindex=\"0\">Ecurie de 8 boxes<br>6 boxes int\u00e9rieurs<br>2 boxes poulini\u00e8res froides<br><span data-prop=\"title\" class=\"ck-editable-element\" data-editable=\"basic\" style=\"display:none;\"><\/span><\/h3> <p class=\"kv-ee-body--md\" data-type=\"text\" tabindex=\"0\">chauff\u00e9e et ventil\u00e9e, chaque boxe est \u00e9quip\u00e9 d'un abreuvoir automatique<span data-prop=\"description\" class=\"ck-editable-element\" data-editable=\"basic\" style=\"display:none;\"><\/span><\/p>  <\/div><\/div><\/div><\/div>\n        <div\n    class=\"kv-control-placeholder kv-_list\"\n    data-kv-control=\"1\">\n  <\/div> <div class=\"kv-ee-col-12 kv-ee-content kv-ee-right kv-ee-drop-shadow\"><div class=\"kv-ee-row\"><div class=\"kv-ee-col-sm-4 kv-ee-image-col\"> <div\n      data-type=\"image\" data-property=\"image\"\n       class=\"kv-ee-item-img kv-ee-gallery kv-ee-content-image\" role=\"img\" data-src=\"https:\/\/images.builderservices.io\/s\/cdn\/v1.0\/i\/m?url=https%3A%2F%2Fstorage.googleapis.com%2Fproduction-bluehost-v1-0-8%2F028%2F1012028%2F3BczUvLk%2Fe65510680a6f4e2d897b76401c211eed&#038;methods=resize%2C60%2C5000\" data-src-normal=\"https:\/\/images.builderservices.io\/s\/cdn\/v1.0\/i\/m?url=https%3A%2F%2Fstorage.googleapis.com%2Fproduction-bluehost-v1-0-8%2F028%2F1012028%2F3BczUvLk%2Fe65510680a6f4e2d897b76401c211eed&#038;methods=resize%2C600%2C5000\" data-src-retina=\"https:\/\/images.builderservices.io\/s\/cdn\/v1.0\/i\/m?url=https%3A%2F%2Fstorage.googleapis.com%2Fproduction-bluehost-v1-0-8%2F028%2F1012028%2F3BczUvLk%2Fe65510680a6f4e2d897b76401c211eed&#038;methods=resize%2C900%2C5000\"\n      style=\"background-position: center center;background-repeat: no-repeat;\"\n      data-setting=\"border\"\n    ><\/div> <\/div><div class=\"kv-ee-col-sm-8 kv-ee-valign-center\"><div class=\"kv-ee-content-text\"> <hr class=\"kv-ee-line\"> <h3 class=\"kv-ee-title--sm\" data-type=\"text\" tabindex=\"0\">Sorties individuelles<br><span data-prop=\"title\" class=\"ck-editable-element\" data-editable=\"basic\" style=\"display:none;\"><\/span><\/h3> <p class=\"kv-ee-body--md\" data-type=\"text\" tabindex=\"0\">Les chevaux sont sortis 7 jours semaine dans des paddocks individuels. Des pairs sont possibles selon entente<span data-prop=\"description\" class=\"ck-editable-element\" data-editable=\"basic\" style=\"display:none;\"><\/span><\/p>  <\/div><\/div><\/div><\/div>\n        <div\n    class=\"kv-control-placeholder kv-_list\"\n    data-kv-control=\"2\">\n  <\/div> <div class=\"kv-ee-col-12 kv-ee-content kv-ee-left kv-ee-drop-shadow\"><div class=\"kv-ee-row\"><div class=\"kv-ee-col-sm-4 kv-ee-image-col\"> <div\n      data-type=\"image\" data-property=\"image\"\n       class=\"kv-ee-item-img kv-ee-gallery kv-ee-content-image\" role=\"img\" data-src=\"https:\/\/images.builderservices.io\/s\/cdn\/v1.0\/i\/m?url=https%3A%2F%2Fstorage.googleapis.com%2Fproduction-bluehost-v1-0-8%2F028%2F1012028%2F3BczUvLk%2F797e80b6ecac4416a4d9bcb44007f020&#038;methods=resize%2C60%2C5000\" data-src-normal=\"https:\/\/images.builderservices.io\/s\/cdn\/v1.0\/i\/m?url=https%3A%2F%2Fstorage.googleapis.com%2Fproduction-bluehost-v1-0-8%2F028%2F1012028%2F3BczUvLk%2F797e80b6ecac4416a4d9bcb44007f020&#038;methods=resize%2C600%2C5000\" data-src-retina=\"https:\/\/images.builderservices.io\/s\/cdn\/v1.0\/i\/m?url=https%3A%2F%2Fstorage.googleapis.com%2Fproduction-bluehost-v1-0-8%2F028%2F1012028%2F3BczUvLk%2F797e80b6ecac4416a4d9bcb44007f020&#038;methods=resize%2C900%2C5000\"\n      style=\"background-position: center center;background-repeat: no-repeat;\"\n      data-setting=\"border\"\n    ><\/div> <\/div><div class=\"kv-ee-col-sm-8 kv-ee-valign-center\"><div class=\"kv-ee-content-text\"> <hr class=\"kv-ee-line\"> <h3 class=\"kv-ee-title--sm\" data-type=\"text\" tabindex=\"0\">120 km de trails directement sur la propri\u00e9t\u00e9<br><span data-prop=\"title\" class=\"ck-editable-element\" data-editable=\"basic\" style=\"display:none;\"><\/span><\/h3> <p class=\"kv-ee-body--md\" data-type=\"text\" tabindex=\"0\">\nNous sommes situ\u00e9s directement sur les sentiers du Club les Forestiers, entretenus \u00e0 l'ann\u00e9e. Nul besoin de traverser la route pour profiter de balades interminables!<span data-prop=\"description\" class=\"ck-editable-element\" data-editable=\"basic\" style=\"display:none;\"><\/span><\/p>  <\/div><\/div><\/div><\/div>\n        <div\n    class=\"kv-control-placeholder kv-_list\"\n    data-kv-control=\"3\">\n  <\/div> <div class=\"kv-ee-col-12 kv-ee-content kv-ee-right kv-ee-drop-shadow\"><div class=\"kv-ee-row\"><div class=\"kv-ee-col-sm-4 kv-ee-image-col\"> <div\n      data-type=\"image\" data-property=\"image\"\n       class=\"kv-ee-item-img kv-ee-gallery kv-ee-content-image\" role=\"img\" data-src=\"https:\/\/images.builderservices.io\/s\/cdn\/v1.0\/i\/m?url=https%3A%2F%2Fstorage.googleapis.com%2Fproduction-bluehost-v1-0-8%2F028%2F1012028%2F3BczUvLk%2Fea6b2cb9cb7f4908942a574faee3c729&#038;methods=resize%2C60%2C5000\" data-src-normal=\"https:\/\/images.builderservices.io\/s\/cdn\/v1.0\/i\/m?url=https%3A%2F%2Fstorage.googleapis.com%2Fproduction-bluehost-v1-0-8%2F028%2F1012028%2F3BczUvLk%2Fea6b2cb9cb7f4908942a574faee3c729&#038;methods=resize%2C600%2C5000\" data-src-retina=\"https:\/\/images.builderservices.io\/s\/cdn\/v1.0\/i\/m?url=https%3A%2F%2Fstorage.googleapis.com%2Fproduction-bluehost-v1-0-8%2F028%2F1012028%2F3BczUvLk%2Fea6b2cb9cb7f4908942a574faee3c729&#038;methods=resize%2C900%2C5000\"\n      style=\"background-position: center center;background-repeat: no-repeat;\"\n      data-setting=\"border\"\n    ><\/div> <\/div><div class=\"kv-ee-col-sm-8 kv-ee-valign-center\"><div class=\"kv-ee-content-text\"> <hr class=\"kv-ee-line\"> <h3 class=\"kv-ee-title--sm\" data-type=\"text\" tabindex=\"0\">Man\u00e8ge ext\u00e9rieur en herbe<br><span data-prop=\"title\" class=\"ck-editable-element\" data-editable=\"basic\" style=\"display:none;\"><\/span><\/h3> <p class=\"kv-ee-body--md\" data-type=\"text\" tabindex=\"0\">Des parcours de saut et cross sont r\u00e9guli\u00e8rement install\u00e9s<span data-prop=\"description\" class=\"ck-editable-element\" data-editable=\"basic\" style=\"display:none;\"><\/span><\/p>  <\/div><\/div><\/div><\/div>\n        <div\n    class=\"kv-control-placeholder kv-_list\"\n    data-kv-control=\"4\">\n  <\/div> <div class=\"kv-ee-col-12 kv-ee-content kv-ee-left kv-ee-drop-shadow\"><div class=\"kv-ee-row\"><div class=\"kv-ee-col-sm-4 kv-ee-image-col\"> <div\n      data-type=\"image\" data-property=\"image\"\n       class=\"kv-ee-item-img kv-ee-gallery kv-ee-content-image\" role=\"img\" data-src=\"https:\/\/images.builderservices.io\/s\/cdn\/v1.0\/i\/m?url=https%3A%2F%2Fstorage.googleapis.com%2Fproduction-bluehost-v1-0-8%2F028%2F1012028%2F3BczUvLk%2Fb5b31cac4a4047248bb2795dae548148&#038;methods=resize%2C60%2C5000\" data-src-normal=\"https:\/\/images.builderservices.io\/s\/cdn\/v1.0\/i\/m?url=https%3A%2F%2Fstorage.googleapis.com%2Fproduction-bluehost-v1-0-8%2F028%2F1012028%2F3BczUvLk%2Fb5b31cac4a4047248bb2795dae548148&#038;methods=resize%2C600%2C5000\" data-src-retina=\"https:\/\/images.builderservices.io\/s\/cdn\/v1.0\/i\/m?url=https%3A%2F%2Fstorage.googleapis.com%2Fproduction-bluehost-v1-0-8%2F028%2F1012028%2F3BczUvLk%2Fb5b31cac4a4047248bb2795dae548148&#038;methods=resize%2C900%2C5000\"\n      style=\"background-position: center center;background-repeat: no-repeat;\"\n      data-setting=\"border\"\n    ><\/div> <\/div><div class=\"kv-ee-col-sm-8 kv-ee-valign-center\"><div class=\"kv-ee-content-text\"> <hr class=\"kv-ee-line\"> <h3 class=\"kv-ee-title--sm\" data-type=\"text\" tabindex=\"0\">Round Pen<br><span data-prop=\"title\" class=\"ck-editable-element\" data-editable=\"basic\" style=\"display:none;\"><\/span><\/h3> <p class=\"kv-ee-body--md\" data-type=\"text\" tabindex=\"0\">Grand round pen pour longer, travailler \u00e0 pied, ou en libert\u00e9\n<span data-prop=\"description\" class=\"ck-editable-element\" data-editable=\"basic\" style=\"display:none;\"><\/span><\/p>  <\/div><\/div><\/div><\/div>\n    <\/div>\n<\/div> <\/div><\/div><\/div><\/div>\n  <\/div>\n<\/section>\n<style scoped>.zoduye36 p{max-width:800px}.zoduye36 .kv-ee-container-wide{max-width:1680px;margin:0 auto;padding-right:15px;padding-left:15px}.zoduye36 .kv-ee-align-left .kv-ee-titles{text-align:left}.zoduye36 .kv-ee-align-left .kv-ee-titles .kv-ee-col-12>*{margin-right:auto}.zoduye36 .kv-ee-align-left .kv-ee-position .kv-ee-row{justify-content:flex-start}.zoduye36 .kv-ee-align-center .kv-ee-titles{text-align:center}.zoduye36 .kv-ee-align-center .kv-ee-titles .kv-ee-col-12>*{margin-left:auto;margin-right:auto}.zoduye36 .kv-ee-align-center .kv-ee-position .kv-ee-row{justify-content:flex-start}.zoduye36 .kv-ee-align-right .kv-ee-titles{text-align:right}.zoduye36 .kv-ee-align-right .kv-ee-titles .kv-ee-col-12>*{margin-left:auto}.zoduye36 .kv-ee-align-right .kv-ee-position .kv-ee-row{justify-content:flex-end}.vefova18 .kv-ee-content{width:100%;margin-bottom:1rem}.vefova18 .kv-ee-row{align-items:center}.vefova18 .kv-ee-image-col{margin-bottom:auto}.vefova18 .kv-ee-item-img{width:100%;padding-bottom:120%;margin:1rem 0;background-size:cover;background-position:center;transition:box-shadow 300ms cubic-bezier(.165,.84,.44,1)}.vefova18 .kv-ee-valign-center{display:flex;align-items:center}.vefova18 .kv-ee-content-text{padding:0;max-width:600px}.vefova18 .kv-ee-content-text p{line-height:1.7;color:hsl(var(--kv-ee-text1--h),var(--kv-ee-text1--s),calc(var(--kv-ee-text1--l) + 20%))}@media(min-width:992px){.vefova18 .kv-ee-content-text{padding:2rem}}.vefova18 .kv-ee-subtitle{margin-top:-.75rem;margin-bottom:1rem;font-weight:400;color:rgba(var(--kv-ee-text1-rgb),.6)}.vefova18 .kv-ee-button{padding:6px}.vefova18 hr.kv-ee-line{height:2px;border:none;width:2rem;background-color:var(--kv-ee-accent1);margin-top:1rem;margin-bottom:1rem;margin-left:0}.vefova18 .kv-ee-content.kv-ee-right hr.kv-ee-line{margin-left:0}@media(min-width:576px){.vefova18 .kv-ee-content.kv-ee-right .kv-ee-row{flex-direction:row-reverse;text-align:right}.vefova18 .kv-ee-content.kv-ee-right .kv-ee-content-text::after{margin-left:auto}.vefova18 .kv-ee-content.kv-ee-right .kv-ee-valign-center{justify-content:flex-end}.vefova18 .kv-ee-content.kv-ee-right hr.kv-ee-line{margin-right:0;margin-left:auto}}@media(min-width:992px){.vefova18 .kv-ee-content:not(:first-child){margin-top:-2rem}}.vefova18 .kv-ee-rounded-corners .kv-ee-item-img{border-radius:.5rem}.vefova18 .kv-ee-drop-shadow .kv-ee-item-img{box-shadow:0 2rem 1.5rem -.5rem rgba(var(--kv-ee-black-rgb),.15),0 .75rem 1rem -.25rem rgba(var(--kv-ee-black-rgb),.2),0 .25rem .25rem -.125rem rgba(var(--kv-ee-black-rgb),.1)}.vefova18 .kv-ee-circle .kv-ee-item-img{width:100%;padding-bottom:100%;border-radius:50%}.vefova18 .kv-ee-square .kv-ee-item-img,.vefova18 .kv-ee-original .kv-ee-item-img{width:100%;padding-bottom:100%}.vefova18 .kv-ee-portrait .kv-ee-item-img{width:100%;padding-bottom:calc((4\/3)*100%)}.vefova18 .kv-ee-landscape .kv-ee-item-img{width:100%;padding-bottom:calc((3\/4)*100%)}.vefova18 .kv-ee-left .kv-ee-social{justify-content:flex-start}.vefova18 .kv-ee-left .kv-ee-social .kv-ee-social-link{margin-right:1rem}.vefova18 .kv-ee-right .kv-ee-social{justify-content:flex-end}.vefova18 .kv-ee-right .kv-ee-social .kv-ee-social-link{margin-left:1rem}.vefova18 .kv-ee-social{display:inline-flex;width:100%;margin-top:.5rem}.vefova18 .kv-ee-social-link{text-decoration:none;display:flex;justify-content:flex-start;align-items:center}.vefova18 .kv-ee-social-link i{font-size:1.5rem;color:var(--kv-ee-text1);transition:all .2s}.vefova18 .kv-ee-social-link i:hover{color:var(--kv-ee-accent1)}.vefova18 .kv-ee-social-link svg{height:1.5rem}<\/style>","protected":false},"excerpt":{"rendered":"","protected":false},"author":1,"featured_media":0,"parent":0,"menu_order":0,"comment_status":"closed","ping_status":"closed","template":"wb4wp-template.php","meta":{"nf_dc_page":"","WB4WB4WP_MODE":"","WB4WP_PAGE_SCRIPTS":"","WB4WP_PAGE_STYLES":"","WB4WP_PAGE_FONTS":"","WB4WP_PAGE_HEADER":"","WB4WP_PAGE_FOOTER":"","footnotes":""},"class_list":["post-152","page","type-page","status-publish","hentry"],"jetpack_sharing_enabled":true,"_links":{"self":[{"href":"https:\/\/ecuriesdcstables.com\/fr\/wp-json\/wp\/v2\/pages\/152","targetHints":{"allow":["GET"]}}],"collection":[{"href":"https:\/\/ecuriesdcstables.com\/fr\/wp-json\/wp\/v2\/pages"}],"about":[{"href":"https:\/\/ecuriesdcstables.com\/fr\/wp-json\/wp\/v2\/types\/page"}],"author":[{"embeddable":true,"href":"https:\/\/ecuriesdcstables.com\/fr\/wp-json\/wp\/v2\/users\/1"}],"replies":[{"embeddable":true,"href":"https:\/\/ecuriesdcstables.com\/fr\/wp-json\/wp\/v2\/comments?post=152"}],"version-history":[{"count":0,"href":"https:\/\/ecuriesdcstables.com\/fr\/wp-json\/wp\/v2\/pages\/152\/revisions"}],"wp:attachment":[{"href":"https:\/\/ecuriesdcstables.com\/fr\/wp-json\/wp\/v2\/media?parent=152"}],"curies":[{"name":"wp","href":"https:\/\/api.w.org\/{rel}","templated":true}]}}