{"id":228,"date":"2021-09-05T14:39:50","date_gmt":"2021-09-05T14:39:50","guid":{"rendered":"https:\/\/ecuriesdcstables.com\/?page_id=228"},"modified":"2026-03-17T19:27:16","modified_gmt":"2026-03-17T19:27:16","slug":"broodmares","status":"publish","type":"page","link":"https:\/\/ecuriesdcstables.com\/fr\/broodmares\/","title":{"rendered":"Broodmares"},"content":{"rendered":"<div\n      class=\"kv-control-placeholder kv-_page\"\n      data-kv-control=\"1\">\n    <\/div> <section class=\"background-id_0adjacent section-1629059129317 nejere51 undefined\" style=\" position:relative;\">\n  <a name=\"section1629059129317\"><\/a>\n    <div\n    class=\"kv-control-placeholder kv-_section\"\n    data-kv-control=\"background\">\n  <\/div> <div class='kv-background' style=\" background-color: rgb(249,249,249);\">\n        \n        <div class='kv-background-inner'  style=\"                                        background-color: rgb(249,249,249);          \"><\/div>\n          \n<\/div>\n\n  <div class=\"position-relative kv-content\">\n    <div\n    class=\"kv-control-placeholder kv-_section\"\n    data-kv-control=\"content\">\n  <\/div> <div class=\"kv-ee-section kv-ee-section--lg\"><div class=\"kv-ee-container\"><div class=\"kv-ee-row kv-ee-align-left\">  <div class=\"kv-ee-col-md-6\"><div data-aspect-ratio=\"\"class=\"\"> <div\n      data-type=\"image\" data-property=\"image\"\n       class=\"kv-ee-featured-image kv-ee-content-image\" role=\"img\" data-src=\"https:\/\/images.builderservices.io\/s\/cdn\/v1.0\/i\/m?url=https%3A%2F%2Fstorage.googleapis.com%2Fproduction-bluehost-v1-0-8%2F028%2F1012028%2F3BczUvLk%2Fa3a2f232ea204e4590850beadbed7cdc&#038;methods=resize%2C100%2C5000\" data-src-normal=\"https:\/\/images.builderservices.io\/s\/cdn\/v1.0\/i\/m?url=https%3A%2F%2Fstorage.googleapis.com%2Fproduction-bluehost-v1-0-8%2F028%2F1012028%2F3BczUvLk%2Fa3a2f232ea204e4590850beadbed7cdc&#038;methods=resize%2C1000%2C5000\" data-src-retina=\"https:\/\/images.builderservices.io\/s\/cdn\/v1.0\/i\/m?url=https%3A%2F%2Fstorage.googleapis.com%2Fproduction-bluehost-v1-0-8%2F028%2F1012028%2F3BczUvLk%2Fa3a2f232ea204e4590850beadbed7cdc&#038;methods=resize%2C1500%2C5000\"\n      style=\"background-position: center center;background-repeat: no-repeat;\"\n      data-setting=\"border\"\n    ><\/div> <\/div><\/div>  <div class=\"kv-ee-col-md-6 kv-ee-section-text kv-ee-content-text kv-ee-section--md\"> <h2 class=\"kv-ee-section-title kv-ee-section-title--sm\" data-type=\"text\" tabindex=\"0\">Graines de Champions<br><span data-prop=\"title\" class=\"ck-editable-element\" data-editable=\"basic\" style=\"display:none;\"><\/span><\/h2> <p class=\"kv-ee-section-subtitle kv-ee-subtitle kv-ee-section-subtitle--sm\" data-type=\"text\" tabindex=\"0\">Nous produisons 2 \u00e0 trois poulains annuellment. Tous seront enregistr\u00e9s dans des Stud-Books Oldenburg, Hannovrien ou CSH <br><span data-prop=\"subtitle\" class=\"ck-editable-element\" data-editable=\"basic\" style=\"display:none;\"><\/span><\/p> <hr class=\"kv-ee-underline\">  <hr class=\"kv-ee-underline\">  <\/div><\/div><\/div><\/div>\n  <\/div>\n<\/section>\n<style scoped>.nejere51 .kv-ee-featured-image{width:100%;background-size:cover;background-position:center;padding-bottom:125%}@media(max-width:575.99px){.nejere51 .kv-ee-featured-image{margin-bottom:1rem}}.nejere51 .kv-ee-landscape .kv-ee-content-text,.nejere51 .kv-ee-square .kv-ee-content-text{padding-top:0;padding-bottom:0}.nejere51 .kv-ee-landscape .kv-ee-featured-image{padding-bottom:75%}.nejere51 .kv-ee-portrait .kv-ee-featured-image{padding-bottom:125%}.nejere51 .kv-ee-square .kv-ee-featured-image{padding-bottom:100%}.nejere51 .kv-ee-circle .kv-ee-featured-image{padding-bottom:100%;border-radius:50%}.nejere51 .kv-ee-filled{position:relative}.nejere51 .kv-ee-filled .kv-ee-featured-image{height:100%}.nejere51 .kv-ee-blob .kv-ee-featured-image{padding-bottom:0}.nejere51 .kv-ee-subtitle{margin-bottom:1.5rem}.nejere51 .kv-ee-underline{margin-bottom:1.5rem;border:none;height:1px;background-color:rgba(var(--kv-ee-text1-rgb),.2)}.nejere51 .kv-ee-button{margin-top:.5rem}.nejere51 .kv-ee-rounded-corners{border-radius:.5rem}.nejere51 .kv-ee-rounded-corners .kv-ee-featured-image{border-radius:.5rem}.nejere51 .kv-ee-align-left{text-align:left;justify-content:flex-start}.nejere51 .kv-ee-align-left .kv-ee-button{margin-right:.5rem}.nejere51 .kv-ee-align-center{text-align:center;justify-content:center}.nejere51 .kv-ee-align-center .kv-ee-button{margin-left:.25rem;margin-right:.25rem}.nejere51 .kv-ee-align-right{text-align:right;justify-content:flex-end}.nejere51 .kv-ee-align-right .kv-ee-button{margin-left:.5rem}.nejere51 .kv-ee-drop-shadow .kv-ee-featured-image{box-shadow:1rem 1rem 4rem rgba(0,0,0,.2)}<\/style><div\n      class=\"kv-control-placeholder kv-_page\"\n      data-kv-control=\"2\">\n    <\/div> <section class=\"background-id_0 section-1629059129318 tehulu61 qunilo21 undefined undefined\" style=\" position:relative;\">\n  <a name=\"section1629059129318\"><\/a>\n    <div\n    class=\"kv-control-placeholder kv-_section\"\n    data-kv-control=\"background\">\n  <\/div> <div class='kv-background' style=\" background-color: rgb(255,255,255);\">\n        \n        <div class='kv-background-inner'  style=\"                                        background-color: rgb(255,255,255);          \"><\/div>\n          \n<\/div>\n\n  <div class=\"position-relative kv-content\">\n    <div\n    class=\"kv-control-placeholder kv-_section\"\n    data-kv-control=\"content\">\n  <\/div> <div class=\"kv-ee-section kv-ee-section--lg kv-ee-align-left\"><div class=\"kv-ee-container kv-ee-titles\"><div class=\"kv-ee-row\"><div class=\"kv-ee-section-text kv-ee-col-12\"> <h2 class=\"kv-ee-section-title kv-ee-caption-title kv-ee-section-title--md\" data-type=\"text\" tabindex=\"0\">Broodmares<span data-prop=\"title\" class=\"ck-editable-element\" data-editable=\"basic\" style=\"display:none;\"><\/span><\/h2>    <div class=\"kv-ee-spacing\"><\/div>  <\/div><\/div><\/div><div class=\"kv-ee-container kv-ee-items\"><div class=\"kv-ee-row kv-ee-position\"><div class=\"kv-ee-col-12 kv-ee-portrait\"> <div\n    class=\"kv-control-placeholder kv-_content\"\n    data-kv-control=\"list\">\n  <\/div><div class=\"kv-ee-list-control\">\n    <div class=\"kv-ee-row\" data-type=\"list\">\n        <div\n    class=\"kv-control-placeholder kv-_list\"\n    data-kv-control=\"0\">\n  <\/div> <div class=\"kv-ee-col-12 kv-ee-content kv-ee-left kv-ee-drop-shadow\"><div class=\"kv-ee-row\"><div class=\"kv-ee-col-sm-4\"> <div\n      data-type=\"image\" data-property=\"image\"\n       class=\"kv-ee-item-img kv-ee-gallery kv-ee-content-image\" role=\"img\" data-src=\"https:\/\/images.builderservices.io\/s\/cdn\/v1.0\/i\/m?url=https%3A%2F%2Fstorage.googleapis.com%2Fproduction-bluehost-v1-0-8%2F028%2F1012028%2F3BczUvLk%2F2fa424ef7ad74e0b8c192d084ea55a5f&#038;methods=resize%2C60%2C5000\" data-src-normal=\"https:\/\/images.builderservices.io\/s\/cdn\/v1.0\/i\/m?url=https%3A%2F%2Fstorage.googleapis.com%2Fproduction-bluehost-v1-0-8%2F028%2F1012028%2F3BczUvLk%2F2fa424ef7ad74e0b8c192d084ea55a5f&#038;methods=resize%2C600%2C5000\" data-src-retina=\"https:\/\/images.builderservices.io\/s\/cdn\/v1.0\/i\/m?url=https%3A%2F%2Fstorage.googleapis.com%2Fproduction-bluehost-v1-0-8%2F028%2F1012028%2F3BczUvLk%2F2fa424ef7ad74e0b8c192d084ea55a5f&#038;methods=resize%2C900%2C5000\"\n      style=\"background-position: center center;background-repeat: no-repeat;\"\n      data-setting=\"border\"\n    ><\/div> <\/div><div class=\"kv-ee-col-sm-8 kv-ee-valign-center\"><div class=\"kv-ee-content-text\"> <h3 class=\"kv-ee-title--md\" data-type=\"text\" tabindex=\"0\">Chanel la Moli\u00e8re<br><br><span data-prop=\"title\" class=\"ck-editable-element\" data-editable=\"basic\" style=\"display:none;\"><\/span><\/h3> <p class=\"kv-ee-subtitle kv-ee-title--xs\" data-type=\"text\" tabindex=\"0\"><font class=\"custom-font\" style=\"font-family: var(--kv-ee-body-font-family); font-weight: var(--kv-ee-body-font-weight);\">2010 Demi-Sang Suisse<br>P\u00e8re: Crusador HOLST<br>M\u00e8re: Rose Athena<br>par Argentinus x Grannus<br><br>Sauteurs: 1.25m<br>Concours Complet: pr\u00e9liminaire <br>Dressage: Niveau 3 et encore de la marge de progression<\/font><br><br><span data-prop=\"subtitle\" class=\"ck-editable-element\" data-editable=\"basic\" style=\"display:none;\"><\/span><\/p>  <hr class=\"kv-ee-line\"> <\/div><\/div><\/div><\/div>\n        <div\n    class=\"kv-control-placeholder kv-_list\"\n    data-kv-control=\"1\">\n  <\/div> <div class=\"kv-ee-col-12 kv-ee-content kv-ee-left kv-ee-drop-shadow\"><div class=\"kv-ee-row\"><div class=\"kv-ee-col-sm-4\"> <div\n      data-type=\"image\" data-property=\"image\"\n       class=\"kv-ee-item-img kv-ee-gallery kv-ee-content-image\" role=\"img\" data-src=\"https:\/\/images.builderservices.io\/s\/cdn\/v1.0\/i\/m?url=https%3A%2F%2Fstorage.googleapis.com%2Fproduction-bluehost-v1-0-8%2F028%2F1012028%2F3BczUvLk%2F2664a71899b247b18082647078447472&#038;methods=resize%2C60%2C5000\" data-src-normal=\"https:\/\/images.builderservices.io\/s\/cdn\/v1.0\/i\/m?url=https%3A%2F%2Fstorage.googleapis.com%2Fproduction-bluehost-v1-0-8%2F028%2F1012028%2F3BczUvLk%2F2664a71899b247b18082647078447472&#038;methods=resize%2C600%2C5000\" data-src-retina=\"https:\/\/images.builderservices.io\/s\/cdn\/v1.0\/i\/m?url=https%3A%2F%2Fstorage.googleapis.com%2Fproduction-bluehost-v1-0-8%2F028%2F1012028%2F3BczUvLk%2F2664a71899b247b18082647078447472&#038;methods=resize%2C900%2C5000\"\n      style=\"background-position: center center;background-repeat: no-repeat;\"\n      data-setting=\"border\"\n    ><\/div> <\/div><div class=\"kv-ee-col-sm-8 kv-ee-valign-center\"><div class=\"kv-ee-content-text\"> <h3 class=\"kv-ee-title--md\" data-type=\"text\" tabindex=\"0\">Ireine &#8211; Dulce de Leche<br><br><span data-prop=\"title\" class=\"ck-editable-element\" data-editable=\"basic\" style=\"display:none;\"><\/span><\/h3> <p class=\"kv-ee-subtitle kv-ee-title--xs\" data-type=\"text\" tabindex=\"0\"><font class=\"custom-font\" style=\"font-family: var(--kv-ee-body-font-family); font-weight: var(--kv-ee-body-font-weight);\">2011 Canadian Sport Horse from Her Majesty the Queen&#8217;s breeding facility in Toronto<br>P\u00e8re: Dubai (HAN par Donnerhall)<br>M\u00e8re: Golden Jubilee (ISH)<br>2014-2015 a gagn\u00e9 beaucoup de concours de conformation<br>2016-2021<br>Many results in the hunter circuit. All results can be found on Equestrian Canada<\/font><br><br><br><br><span data-prop=\"subtitle\" class=\"ck-editable-element\" data-editable=\"basic\" style=\"display:none;\"><\/span><\/p>  <hr class=\"kv-ee-line\"> <\/div><\/div><\/div><\/div>\n    <\/div>\n<\/div> <\/div><\/div><\/div><\/div>\n  <\/div>\n<\/section>\n<style scoped>.tehulu61 p{max-width:800px}.tehulu61 .kv-ee-section-description{margin-bottom:0}.tehulu61 .kv-ee-spacing{height:2rem}.tehulu61 .kv-ee-container-wide{max-width:1680px;margin:0 auto;padding-right:15px;padding-left:15px}.tehulu61 .kv-ee-align-left .kv-ee-titles{text-align:left}.tehulu61 .kv-ee-align-left .kv-ee-titles .kv-ee-col-12>*{margin-right:auto}.tehulu61 .kv-ee-align-center .kv-ee-titles{text-align:center}.tehulu61 .kv-ee-align-center .kv-ee-titles .kv-ee-col-12>*{margin-left:auto;margin-right:auto}.tehulu61 .kv-ee-align-right .kv-ee-titles{text-align:right}.tehulu61 .kv-ee-align-right .kv-ee-titles .kv-ee-col-12>*{margin-left:auto}.qunilo21 .kv-ee-content{width:100%;margin-bottom:1rem}.qunilo21 .kv-ee-row{align-items:center}.qunilo21 .kv-ee-item-img{width:100%;padding-bottom:120%;margin:1rem 0;background-size:cover;background-position:center;transition:box-shadow 300ms cubic-bezier(.165,.84,.44,1)}.qunilo21 .kv-ee-col-sm-4{margin-bottom:auto}.qunilo21 .kv-ee-content-text p{max-width:540px}.qunilo21 .kv-ee-content-text .kv-ee-body--md{line-height:1.4}@media(min-width:576px){.qunilo21 .kv-ee-content-text{padding:1rem}}.qunilo21 .kv-ee-subtitle{margin-top:-.5rem;color:rgba(var(--kv-ee-text1-rgb),.75)}.qunilo21 hr.kv-ee-line{border-width:.25rem;width:2rem;background-color:var(--kv-ee-accent1);margin-top:2rem;margin-left:0}.qunilo21 .kv-ee-content.kv-ee-right hr.kv-ee-line{margin-left:0}@media(min-width:576px){.qunilo21 .kv-ee-content.kv-ee-right .kv-ee-row{flex-direction:row-reverse;text-align:right}.qunilo21 .kv-ee-content.kv-ee-right .kv-ee-content-text::after{margin-left:auto}.qunilo21 .kv-ee-content.kv-ee-right .kv-ee-valign-center{justify-content:flex-end}.qunilo21 .kv-ee-content.kv-ee-right p{margin-left:auto;margin-right:0}.qunilo21 .kv-ee-content.kv-ee-right hr.kv-ee-line{margin-right:0;margin-left:auto}}@media(min-width:992px){.qunilo21 .kv-ee-content:not(:first-child){margin-top:-2rem}}.qunilo21 .kv-ee-rounded-corners .kv-ee-item-img{border-radius:.5rem}.qunilo21 .kv-ee-drop-shadow .kv-ee-item-img{box-shadow:0 2rem 1.5rem -.5rem rgba(var(--kv-ee-black-rgb),.15),0 .75rem 1rem -.25rem rgba(var(--kv-ee-black-rgb),.2),0 .25rem .25rem -.125rem rgba(var(--kv-ee-black-rgb),.1)}.qunilo21 .kv-ee-circle .kv-ee-item-img{width:100%;padding-bottom:100%;border-radius:50%}.qunilo21 .kv-ee-square .kv-ee-item-img,.qunilo21 .kv-ee-original .kv-ee-item-img{width:100%;padding-bottom:100%}.qunilo21 .kv-ee-portrait .kv-ee-item-img{width:100%;padding-bottom:calc((4\/3)*100%)}.qunilo21 .kv-ee-landscape .kv-ee-item-img{width:100%;padding-bottom:calc((3\/4)*100%)}.qunilo21 .kv-ee-left .kv-ee-social{justify-content:flex-start}.qunilo21 .kv-ee-left .kv-ee-social .kv-ee-social-link{margin-right:1rem}.qunilo21 .kv-ee-right .kv-ee-social{justify-content:flex-end}.qunilo21 .kv-ee-right .kv-ee-social .kv-ee-social-link{margin-left:1rem}.qunilo21 .kv-ee-social{display:inline-flex;width:100%;margin-top:.5rem}.qunilo21 .kv-ee-social-link{text-decoration:none;display:flex;justify-content:flex-start;align-items:center}.qunilo21 .kv-ee-social-link i{font-size:1.5rem;color:var(--kv-ee-text1);transition:all .2s}.qunilo21 .kv-ee-social-link i:hover{color:var(--kv-ee-accent1)}.qunilo21 .kv-ee-social-link svg{height:1.5rem}<\/style>","protected":false},"excerpt":{"rendered":"","protected":false},"author":1,"featured_media":0,"parent":0,"menu_order":0,"comment_status":"closed","ping_status":"closed","template":"wb4wp-template.php","meta":{"nf_dc_page":"","WB4WB4WP_MODE":"","WB4WP_PAGE_SCRIPTS":"","WB4WP_PAGE_STYLES":"","WB4WP_PAGE_FONTS":"","WB4WP_PAGE_HEADER":"","WB4WP_PAGE_FOOTER":"","footnotes":""},"class_list":["post-228","page","type-page","status-publish","hentry"],"jetpack_sharing_enabled":true,"_links":{"self":[{"href":"https:\/\/ecuriesdcstables.com\/fr\/wp-json\/wp\/v2\/pages\/228","targetHints":{"allow":["GET"]}}],"collection":[{"href":"https:\/\/ecuriesdcstables.com\/fr\/wp-json\/wp\/v2\/pages"}],"about":[{"href":"https:\/\/ecuriesdcstables.com\/fr\/wp-json\/wp\/v2\/types\/page"}],"author":[{"embeddable":true,"href":"https:\/\/ecuriesdcstables.com\/fr\/wp-json\/wp\/v2\/users\/1"}],"replies":[{"embeddable":true,"href":"https:\/\/ecuriesdcstables.com\/fr\/wp-json\/wp\/v2\/comments?post=228"}],"version-history":[{"count":0,"href":"https:\/\/ecuriesdcstables.com\/fr\/wp-json\/wp\/v2\/pages\/228\/revisions"}],"wp:attachment":[{"href":"https:\/\/ecuriesdcstables.com\/fr\/wp-json\/wp\/v2\/media?parent=228"}],"curies":[{"name":"wp","href":"https:\/\/api.w.org\/{rel}","templated":true}]}}